{"id":26594,"date":"2024-10-21T17:24:05","date_gmt":"2024-10-21T15:24:05","guid":{"rendered":"https:\/\/www.factorenergia.com\/ca\/?page_id=26594"},"modified":"2024-10-22T11:29:06","modified_gmt":"2024-10-22T09:29:06","slug":"canvia-de-companyia","status":"publish","type":"page","link":"https:\/\/www.factorenergia.com\/ca\/llum\/canvia-de-companyia\/","title":{"rendered":"Canviar de companyia de llum v2"},"content":{"rendered":"<p style=\"text-align: center;\">A FactorEnergia et facilitem el proc\u00e9s per canviar de companyia de llum sense complicacions, de manera r\u00e0pida i senzilla. Descobreix com pots beneficiar-te de millors tarifes, un servei al client excepcional i energia m\u00e9s sostenible.<\/p>\n","protected":false},"excerpt":{"rendered":"<p>A FactorEnergia et facilitem el proc\u00e9s per canviar de companyia de llum sense complicacions, de manera r\u00e0pida i senzilla. Descobreix com pots beneficiar-te de millors tarifes, un servei al client excepcional i energia m\u00e9s sostenible.<\/p>\n","protected":false},"author":22,"featured_media":0,"parent":26586,"menu_order":0,"comment_status":"closed","ping_status":"closed","template":"templates\/contenido-vario.php","meta":{"inline_featured_image":false,"footnotes":""},"categories":[12],"tags":[],"acf":[],"yoast_head":"<!-- This site is optimized with the Yoast SEO plugin v22.2 - https:\/\/yoast.com\/wordpress\/plugins\/seo\/ -->\n<title>Canviar de Companyia de Llum<\/title>\n<meta name=\"description\" content=\"Nom\u00e9s necessites les dades personals del titular, la informaci\u00f3 del teu subministrament actual i les dades banc\u00e0ries per a les factures. Nosaltres ens encarreguem de la resta.\" \/>\n<meta name=\"robots\" content=\"index, follow, max-snippet:-1, max-image-preview:large, max-video-preview:-1\" \/>\n<link rel=\"canonical\" href=\"https:\/\/www.factorenergia.com\/ca\/llum\/canvia-de-companyia\/\" \/>\n<meta name=\"twitter:card\" content=\"summary_large_image\" \/>\n<meta name=\"twitter:title\" content=\"Canviar de Companyia de Llum\" \/>\n<meta name=\"twitter:description\" content=\"Nom\u00e9s necessites les dades personals del titular, la informaci\u00f3 del teu subministrament actual i les dades banc\u00e0ries per a les factures. Nosaltres ens encarreguem de la resta.\" \/>\n<meta name=\"twitter:site\" content=\"@factorenergia\" \/>\n<meta name=\"twitter:label1\" content=\"Est. reading time\" \/>\n\t<meta name=\"twitter:data1\" content=\"1 minute\" \/>\n<script type=\"application\/ld+json\" class=\"yoast-schema-graph\">{\"@context\":\"https:\/\/schema.org\",\"@graph\":[{\"@type\":\"WebPage\",\"@id\":\"https:\/\/www.factorenergia.com\/ca\/llum\/canvia-de-companyia\/\",\"url\":\"https:\/\/www.factorenergia.com\/ca\/llum\/canvia-de-companyia\/\",\"name\":\"Canviar de Companyia de Llum\",\"isPartOf\":{\"@id\":\"https:\/\/www.factorenergia.com\/es\/#website\"},\"datePublished\":\"2024-10-21T15:24:05+00:00\",\"dateModified\":\"2024-10-22T09:29:06+00:00\",\"description\":\"Nom\u00e9s necessites les dades personals del titular, la informaci\u00f3 del teu subministrament actual i les dades banc\u00e0ries per a les factures. Nosaltres ens encarreguem de la resta.\",\"breadcrumb\":{\"@id\":\"https:\/\/www.factorenergia.com\/ca\/llum\/canvia-de-companyia\/#breadcrumb\"},\"inLanguage\":\"ca\",\"potentialAction\":[{\"@type\":\"ReadAction\",\"target\":[\"https:\/\/www.factorenergia.com\/ca\/llum\/canvia-de-companyia\/\"]}]},{\"@type\":\"BreadcrumbList\",\"@id\":\"https:\/\/www.factorenergia.com\/ca\/llum\/canvia-de-companyia\/#breadcrumb\",\"itemListElement\":[{\"@type\":\"ListItem\",\"position\":1,\"name\":\"Portada\",\"item\":\"https:\/\/www.factorenergia.com\/ca\/\"},{\"@type\":\"ListItem\",\"position\":2,\"name\":\"Tarifes Llum\",\"item\":\"https:\/\/www.factorenergia.com\/ca\/llum\/\"},{\"@type\":\"ListItem\",\"position\":3,\"name\":\"Canviar de companyia de llum v2\"}]},{\"@type\":\"WebSite\",\"@id\":\"https:\/\/www.factorenergia.com\/es\/#website\",\"url\":\"https:\/\/www.factorenergia.com\/es\/\",\"name\":\"factorenergia\",\"description\":\"factorenergia\",\"potentialAction\":[{\"@type\":\"SearchAction\",\"target\":{\"@type\":\"EntryPoint\",\"urlTemplate\":\"https:\/\/www.factorenergia.com\/es\/?s={search_term_string}\"},\"query-input\":\"required name=search_term_string\"}],\"inLanguage\":\"ca\"}]}<\/script>\n<!-- \/ Yoast SEO plugin. -->","yoast_head_json":{"title":"Canviar de Companyia de Llum","description":"Nom\u00e9s necessites les dades personals del titular, la informaci\u00f3 del teu subministrament actual i les dades banc\u00e0ries per a les factures. Nosaltres ens encarreguem de la resta.","robots":{"index":"index","follow":"follow","max-snippet":"max-snippet:-1","max-image-preview":"max-image-preview:large","max-video-preview":"max-video-preview:-1"},"canonical":"https:\/\/www.factorenergia.com\/ca\/llum\/canvia-de-companyia\/","twitter_card":"summary_large_image","twitter_title":"Canviar de Companyia de Llum","twitter_description":"Nom\u00e9s necessites les dades personals del titular, la informaci\u00f3 del teu subministrament actual i les dades banc\u00e0ries per a les factures. Nosaltres ens encarreguem de la resta.","twitter_site":"@factorenergia","twitter_misc":{"Est. reading time":"1 minute"},"schema":{"@context":"https:\/\/schema.org","@graph":[{"@type":"WebPage","@id":"https:\/\/www.factorenergia.com\/ca\/llum\/canvia-de-companyia\/","url":"https:\/\/www.factorenergia.com\/ca\/llum\/canvia-de-companyia\/","name":"Canviar de Companyia de Llum","isPartOf":{"@id":"https:\/\/www.factorenergia.com\/es\/#website"},"datePublished":"2024-10-21T15:24:05+00:00","dateModified":"2024-10-22T09:29:06+00:00","description":"Nom\u00e9s necessites les dades personals del titular, la informaci\u00f3 del teu subministrament actual i les dades banc\u00e0ries per a les factures. Nosaltres ens encarreguem de la resta.","breadcrumb":{"@id":"https:\/\/www.factorenergia.com\/ca\/llum\/canvia-de-companyia\/#breadcrumb"},"inLanguage":"ca","potentialAction":[{"@type":"ReadAction","target":["https:\/\/www.factorenergia.com\/ca\/llum\/canvia-de-companyia\/"]}]},{"@type":"BreadcrumbList","@id":"https:\/\/www.factorenergia.com\/ca\/llum\/canvia-de-companyia\/#breadcrumb","itemListElement":[{"@type":"ListItem","position":1,"name":"Portada","item":"https:\/\/www.factorenergia.com\/ca\/"},{"@type":"ListItem","position":2,"name":"Tarifes Llum","item":"https:\/\/www.factorenergia.com\/ca\/llum\/"},{"@type":"ListItem","position":3,"name":"Canviar de companyia de llum v2"}]},{"@type":"WebSite","@id":"https:\/\/www.factorenergia.com\/es\/#website","url":"https:\/\/www.factorenergia.com\/es\/","name":"factorenergia","description":"factorenergia","potentialAction":[{"@type":"SearchAction","target":{"@type":"EntryPoint","urlTemplate":"https:\/\/www.factorenergia.com\/es\/?s={search_term_string}"},"query-input":"required name=search_term_string"}],"inLanguage":"ca"}]}},"_links":{"self":[{"href":"https:\/\/www.factorenergia.com\/ca\/wp-json\/wp\/v2\/pages\/26594"}],"collection":[{"href":"https:\/\/www.factorenergia.com\/ca\/wp-json\/wp\/v2\/pages"}],"about":[{"href":"https:\/\/www.factorenergia.com\/ca\/wp-json\/wp\/v2\/types\/page"}],"author":[{"embeddable":true,"href":"https:\/\/www.factorenergia.com\/ca\/wp-json\/wp\/v2\/users\/22"}],"replies":[{"embeddable":true,"href":"https:\/\/www.factorenergia.com\/ca\/wp-json\/wp\/v2\/comments?post=26594"}],"version-history":[{"count":6,"href":"https:\/\/www.factorenergia.com\/ca\/wp-json\/wp\/v2\/pages\/26594\/revisions"}],"predecessor-version":[{"id":26664,"href":"https:\/\/www.factorenergia.com\/ca\/wp-json\/wp\/v2\/pages\/26594\/revisions\/26664"}],"up":[{"embeddable":true,"href":"https:\/\/www.factorenergia.com\/ca\/wp-json\/wp\/v2\/pages\/26586"}],"wp:attachment":[{"href":"https:\/\/www.factorenergia.com\/ca\/wp-json\/wp\/v2\/media?parent=26594"}],"wp:term":[{"taxonomy":"category","embeddable":true,"href":"https:\/\/www.factorenergia.com\/ca\/wp-json\/wp\/v2\/categories?post=26594"},{"taxonomy":"post_tag","embeddable":true,"href":"https:\/\/www.factorenergia.com\/ca\/wp-json\/wp\/v2\/tags?post=26594"}],"curies":[{"name":"wp","href":"https:\/\/api.w.org\/{rel}","templated":true}]}}