{"id":24982,"date":"2024-03-05T16:52:23","date_gmt":"2024-03-05T14:52:23","guid":{"rendered":"https:\/\/www.factorenergia.com\/ca\/?page_id=24982"},"modified":"2024-04-09T16:54:17","modified_gmt":"2024-04-09T14:54:17","slug":"blockchain","status":"publish","type":"page","link":"https:\/\/www.factorenergia.com\/ca\/plaques-solars\/blockchain\/","title":{"rendered":"Blockchain"},"content":{"rendered":"","protected":false},"excerpt":{"rendered":"","protected":false},"author":5,"featured_media":0,"parent":24400,"menu_order":0,"comment_status":"closed","ping_status":"closed","template":"templates\/blockchain-placas.php","meta":{"inline_featured_image":false,"footnotes":""},"categories":[],"tags":[],"acf":[],"yoast_head":"<!-- This site is optimized with the Yoast SEO plugin v22.2 - https:\/\/yoast.com\/wordpress\/plugins\/seo\/ -->\n<title>Blockchain per a plaques solars, impulsant la revoluci\u00f3 energ\u00e8tica<\/title>\n<meta name=\"description\" content=\"Factorenergia llan\u00e7a un innovador Dispositiu de Monitoritzaci\u00f3 Blockchain que permet tenir en temps real les lectures energ\u00e8tiques de la teva instal\u00b7laci\u00f3 fotovoltaica.\" \/>\n<meta name=\"robots\" content=\"index, follow, max-snippet:-1, max-image-preview:large, max-video-preview:-1\" \/>\n<link rel=\"canonical\" href=\"https:\/\/www.factorenergia.com\/ca\/plaques-solars\/blockchain\/\" \/>\n<meta name=\"twitter:card\" content=\"summary_large_image\" \/>\n<meta name=\"twitter:title\" content=\"Blockchain per a plaques solars, impulsant la revoluci\u00f3 energ\u00e8tica\" \/>\n<meta name=\"twitter:description\" content=\"Factorenergia llan\u00e7a un innovador Dispositiu de Monitoritzaci\u00f3 Blockchain que permet tenir en temps real les lectures energ\u00e8tiques de la teva instal\u00b7laci\u00f3 fotovoltaica.\" \/>\n<meta name=\"twitter:site\" content=\"@factorenergia\" \/>\n<script type=\"application\/ld+json\" class=\"yoast-schema-graph\">{\"@context\":\"https:\/\/schema.org\",\"@graph\":[{\"@type\":\"WebPage\",\"@id\":\"https:\/\/www.factorenergia.com\/ca\/plaques-solars\/blockchain\/\",\"url\":\"https:\/\/www.factorenergia.com\/ca\/plaques-solars\/blockchain\/\",\"name\":\"Blockchain per a plaques solars, impulsant la revoluci\u00f3 energ\u00e8tica\",\"isPartOf\":{\"@id\":\"https:\/\/www.factorenergia.com\/es\/#website\"},\"datePublished\":\"2024-03-05T14:52:23+00:00\",\"dateModified\":\"2024-04-09T14:54:17+00:00\",\"description\":\"Factorenergia llan\u00e7a un innovador Dispositiu de Monitoritzaci\u00f3 Blockchain que permet tenir en temps real les lectures energ\u00e8tiques de la teva instal\u00b7laci\u00f3 fotovoltaica.\",\"breadcrumb\":{\"@id\":\"https:\/\/www.factorenergia.com\/ca\/plaques-solars\/blockchain\/#breadcrumb\"},\"inLanguage\":\"ca\",\"potentialAction\":[{\"@type\":\"ReadAction\",\"target\":[\"https:\/\/www.factorenergia.com\/ca\/plaques-solars\/blockchain\/\"]}]},{\"@type\":\"BreadcrumbList\",\"@id\":\"https:\/\/www.factorenergia.com\/ca\/plaques-solars\/blockchain\/#breadcrumb\",\"itemListElement\":[{\"@type\":\"ListItem\",\"position\":1,\"name\":\"Portada\",\"item\":\"https:\/\/www.factorenergia.com\/ca\/\"},{\"@type\":\"ListItem\",\"position\":2,\"name\":\"Distribuidora placas solares\",\"item\":\"https:\/\/www.factorenergia.com\/ca\/plaques-solars\/\"},{\"@type\":\"ListItem\",\"position\":3,\"name\":\"Blockchain\"}]},{\"@type\":\"WebSite\",\"@id\":\"https:\/\/www.factorenergia.com\/es\/#website\",\"url\":\"https:\/\/www.factorenergia.com\/es\/\",\"name\":\"factorenergia\",\"description\":\"factorenergia\",\"potentialAction\":[{\"@type\":\"SearchAction\",\"target\":{\"@type\":\"EntryPoint\",\"urlTemplate\":\"https:\/\/www.factorenergia.com\/es\/?s={search_term_string}\"},\"query-input\":\"required name=search_term_string\"}],\"inLanguage\":\"ca\"}]}<\/script>\n<!-- \/ Yoast SEO plugin. -->","yoast_head_json":{"title":"Blockchain per a plaques solars, impulsant la revoluci\u00f3 energ\u00e8tica","description":"Factorenergia llan\u00e7a un innovador Dispositiu de Monitoritzaci\u00f3 Blockchain que permet tenir en temps real les lectures energ\u00e8tiques de la teva instal\u00b7laci\u00f3 fotovoltaica.","robots":{"index":"index","follow":"follow","max-snippet":"max-snippet:-1","max-image-preview":"max-image-preview:large","max-video-preview":"max-video-preview:-1"},"canonical":"https:\/\/www.factorenergia.com\/ca\/plaques-solars\/blockchain\/","twitter_card":"summary_large_image","twitter_title":"Blockchain per a plaques solars, impulsant la revoluci\u00f3 energ\u00e8tica","twitter_description":"Factorenergia llan\u00e7a un innovador Dispositiu de Monitoritzaci\u00f3 Blockchain que permet tenir en temps real les lectures energ\u00e8tiques de la teva instal\u00b7laci\u00f3 fotovoltaica.","twitter_site":"@factorenergia","schema":{"@context":"https:\/\/schema.org","@graph":[{"@type":"WebPage","@id":"https:\/\/www.factorenergia.com\/ca\/plaques-solars\/blockchain\/","url":"https:\/\/www.factorenergia.com\/ca\/plaques-solars\/blockchain\/","name":"Blockchain per a plaques solars, impulsant la revoluci\u00f3 energ\u00e8tica","isPartOf":{"@id":"https:\/\/www.factorenergia.com\/es\/#website"},"datePublished":"2024-03-05T14:52:23+00:00","dateModified":"2024-04-09T14:54:17+00:00","description":"Factorenergia llan\u00e7a un innovador Dispositiu de Monitoritzaci\u00f3 Blockchain que permet tenir en temps real les lectures energ\u00e8tiques de la teva instal\u00b7laci\u00f3 fotovoltaica.","breadcrumb":{"@id":"https:\/\/www.factorenergia.com\/ca\/plaques-solars\/blockchain\/#breadcrumb"},"inLanguage":"ca","potentialAction":[{"@type":"ReadAction","target":["https:\/\/www.factorenergia.com\/ca\/plaques-solars\/blockchain\/"]}]},{"@type":"BreadcrumbList","@id":"https:\/\/www.factorenergia.com\/ca\/plaques-solars\/blockchain\/#breadcrumb","itemListElement":[{"@type":"ListItem","position":1,"name":"Portada","item":"https:\/\/www.factorenergia.com\/ca\/"},{"@type":"ListItem","position":2,"name":"Distribuidora placas solares","item":"https:\/\/www.factorenergia.com\/ca\/plaques-solars\/"},{"@type":"ListItem","position":3,"name":"Blockchain"}]},{"@type":"WebSite","@id":"https:\/\/www.factorenergia.com\/es\/#website","url":"https:\/\/www.factorenergia.com\/es\/","name":"factorenergia","description":"factorenergia","potentialAction":[{"@type":"SearchAction","target":{"@type":"EntryPoint","urlTemplate":"https:\/\/www.factorenergia.com\/es\/?s={search_term_string}"},"query-input":"required name=search_term_string"}],"inLanguage":"ca"}]}},"_links":{"self":[{"href":"https:\/\/www.factorenergia.com\/ca\/wp-json\/wp\/v2\/pages\/24982"}],"collection":[{"href":"https:\/\/www.factorenergia.com\/ca\/wp-json\/wp\/v2\/pages"}],"about":[{"href":"https:\/\/www.factorenergia.com\/ca\/wp-json\/wp\/v2\/types\/page"}],"author":[{"embeddable":true,"href":"https:\/\/www.factorenergia.com\/ca\/wp-json\/wp\/v2\/users\/5"}],"replies":[{"embeddable":true,"href":"https:\/\/www.factorenergia.com\/ca\/wp-json\/wp\/v2\/comments?post=24982"}],"version-history":[{"count":4,"href":"https:\/\/www.factorenergia.com\/ca\/wp-json\/wp\/v2\/pages\/24982\/revisions"}],"predecessor-version":[{"id":25268,"href":"https:\/\/www.factorenergia.com\/ca\/wp-json\/wp\/v2\/pages\/24982\/revisions\/25268"}],"up":[{"embeddable":true,"href":"https:\/\/www.factorenergia.com\/ca\/wp-json\/wp\/v2\/pages\/24400"}],"wp:attachment":[{"href":"https:\/\/www.factorenergia.com\/ca\/wp-json\/wp\/v2\/media?parent=24982"}],"wp:term":[{"taxonomy":"category","embeddable":true,"href":"https:\/\/www.factorenergia.com\/ca\/wp-json\/wp\/v2\/categories?post=24982"},{"taxonomy":"post_tag","embeddable":true,"href":"https:\/\/www.factorenergia.com\/ca\/wp-json\/wp\/v2\/tags?post=24982"}],"curies":[{"name":"wp","href":"https:\/\/api.w.org\/{rel}","templated":true}]}}