{"id":19735,"date":"2023-03-06T13:05:20","date_gmt":"2023-03-06T11:05:20","guid":{"rendered":"https:\/\/www.factorenergia.com\/ca\/?page_id=19735"},"modified":"2024-04-09T15:15:17","modified_gmt":"2024-04-09T13:15:17","slug":"bateria-virtual","status":"publish","type":"page","link":"https:\/\/www.factorenergia.com\/ca\/plaques-solars\/bateria-virtual\/","title":{"rendered":"Qu\u00e8 s\u00f3n les Bateries Virtuals?"},"content":{"rendered":"<p>Les <strong>Bateries Virtuals<\/strong> s\u00f3n una soluci\u00f3 innovadora per a la gesti\u00f3 de lenergia renovable, que sest\u00e0 convertint en una tecnologia cada vegada m\u00e9s important. Aquestes bateries permeten a les empreses, les llars i les organitzacions aprofitar al m\u00e0xim i emmagatzemar l&#8217;excedent d&#8217;energia que produeix la seva instal\u00b7laci\u00f3 fotovoltaica.<\/p>\n","protected":false},"excerpt":{"rendered":"<p>Les Bateries Virtuals s\u00f3n una soluci\u00f3 innovadora per a la gesti\u00f3 de lenergia renovable, que sest\u00e0 convertint en una tecnologia cada vegada m\u00e9s important. Aquestes bateries permeten a les empreses, les llars i les organitzacions aprofitar al m\u00e0xim i emmagatzemar l&#8217;excedent d&#8217;energia que produeix la seva instal\u00b7laci\u00f3 fotovoltaica.<\/p>\n","protected":false},"author":5,"featured_media":0,"parent":24400,"menu_order":0,"comment_status":"closed","ping_status":"closed","template":"templates\/bateria-virtual-placas-solares-new.php","meta":{"inline_featured_image":false,"footnotes":""},"categories":[],"tags":[],"acf":[],"yoast_head":"<!-- This site is optimized with the Yoast SEO plugin v22.2 - https:\/\/yoast.com\/wordpress\/plugins\/seo\/ -->\n<title>Qu\u00e8 s\u00f3n les Bateries Virtuals? | factorenergia<\/title>\n<meta name=\"robots\" content=\"index, follow, max-snippet:-1, max-image-preview:large, max-video-preview:-1\" \/>\n<link rel=\"canonical\" href=\"https:\/\/www.factorenergia.com\/ca\/plaques-solars\/bateria-virtual\/\" \/>\n<meta name=\"twitter:card\" content=\"summary_large_image\" \/>\n<meta name=\"twitter:title\" content=\"Qu\u00e8 s\u00f3n les Bateries Virtuals? | factorenergia\" \/>\n<meta name=\"twitter:site\" content=\"@factorenergia\" \/>\n<meta name=\"twitter:label1\" content=\"Est. reading time\" \/>\n\t<meta name=\"twitter:data1\" content=\"1 minute\" \/>\n<script type=\"application\/ld+json\" class=\"yoast-schema-graph\">{\"@context\":\"https:\/\/schema.org\",\"@graph\":[{\"@type\":\"WebPage\",\"@id\":\"https:\/\/www.factorenergia.com\/ca\/plaques-solars\/bateria-virtual\/\",\"url\":\"https:\/\/www.factorenergia.com\/ca\/plaques-solars\/bateria-virtual\/\",\"name\":\"Qu\u00e8 s\u00f3n les Bateries Virtuals? | factorenergia\",\"isPartOf\":{\"@id\":\"https:\/\/www.factorenergia.com\/es\/#website\"},\"datePublished\":\"2023-03-06T11:05:20+00:00\",\"dateModified\":\"2024-04-09T13:15:17+00:00\",\"breadcrumb\":{\"@id\":\"https:\/\/www.factorenergia.com\/ca\/plaques-solars\/bateria-virtual\/#breadcrumb\"},\"inLanguage\":\"ca\",\"potentialAction\":[{\"@type\":\"ReadAction\",\"target\":[\"https:\/\/www.factorenergia.com\/ca\/plaques-solars\/bateria-virtual\/\"]}]},{\"@type\":\"BreadcrumbList\",\"@id\":\"https:\/\/www.factorenergia.com\/ca\/plaques-solars\/bateria-virtual\/#breadcrumb\",\"itemListElement\":[{\"@type\":\"ListItem\",\"position\":1,\"name\":\"Portada\",\"item\":\"https:\/\/www.factorenergia.com\/ca\/\"},{\"@type\":\"ListItem\",\"position\":2,\"name\":\"Distribuidora placas solares\",\"item\":\"https:\/\/www.factorenergia.com\/ca\/plaques-solars\/\"},{\"@type\":\"ListItem\",\"position\":3,\"name\":\"Qu\u00e8 s\u00f3n les Bateries Virtuals?\"}]},{\"@type\":\"WebSite\",\"@id\":\"https:\/\/www.factorenergia.com\/es\/#website\",\"url\":\"https:\/\/www.factorenergia.com\/es\/\",\"name\":\"factorenergia\",\"description\":\"factorenergia\",\"potentialAction\":[{\"@type\":\"SearchAction\",\"target\":{\"@type\":\"EntryPoint\",\"urlTemplate\":\"https:\/\/www.factorenergia.com\/es\/?s={search_term_string}\"},\"query-input\":\"required name=search_term_string\"}],\"inLanguage\":\"ca\"}]}<\/script>\n<!-- \/ Yoast SEO plugin. -->","yoast_head_json":{"title":"Qu\u00e8 s\u00f3n les Bateries Virtuals? | factorenergia","robots":{"index":"index","follow":"follow","max-snippet":"max-snippet:-1","max-image-preview":"max-image-preview:large","max-video-preview":"max-video-preview:-1"},"canonical":"https:\/\/www.factorenergia.com\/ca\/plaques-solars\/bateria-virtual\/","twitter_card":"summary_large_image","twitter_title":"Qu\u00e8 s\u00f3n les Bateries Virtuals? | factorenergia","twitter_site":"@factorenergia","twitter_misc":{"Est. reading time":"1 minute"},"schema":{"@context":"https:\/\/schema.org","@graph":[{"@type":"WebPage","@id":"https:\/\/www.factorenergia.com\/ca\/plaques-solars\/bateria-virtual\/","url":"https:\/\/www.factorenergia.com\/ca\/plaques-solars\/bateria-virtual\/","name":"Qu\u00e8 s\u00f3n les Bateries Virtuals? | factorenergia","isPartOf":{"@id":"https:\/\/www.factorenergia.com\/es\/#website"},"datePublished":"2023-03-06T11:05:20+00:00","dateModified":"2024-04-09T13:15:17+00:00","breadcrumb":{"@id":"https:\/\/www.factorenergia.com\/ca\/plaques-solars\/bateria-virtual\/#breadcrumb"},"inLanguage":"ca","potentialAction":[{"@type":"ReadAction","target":["https:\/\/www.factorenergia.com\/ca\/plaques-solars\/bateria-virtual\/"]}]},{"@type":"BreadcrumbList","@id":"https:\/\/www.factorenergia.com\/ca\/plaques-solars\/bateria-virtual\/#breadcrumb","itemListElement":[{"@type":"ListItem","position":1,"name":"Portada","item":"https:\/\/www.factorenergia.com\/ca\/"},{"@type":"ListItem","position":2,"name":"Distribuidora placas solares","item":"https:\/\/www.factorenergia.com\/ca\/plaques-solars\/"},{"@type":"ListItem","position":3,"name":"Qu\u00e8 s\u00f3n les Bateries Virtuals?"}]},{"@type":"WebSite","@id":"https:\/\/www.factorenergia.com\/es\/#website","url":"https:\/\/www.factorenergia.com\/es\/","name":"factorenergia","description":"factorenergia","potentialAction":[{"@type":"SearchAction","target":{"@type":"EntryPoint","urlTemplate":"https:\/\/www.factorenergia.com\/es\/?s={search_term_string}"},"query-input":"required name=search_term_string"}],"inLanguage":"ca"}]}},"_links":{"self":[{"href":"https:\/\/www.factorenergia.com\/ca\/wp-json\/wp\/v2\/pages\/19735"}],"collection":[{"href":"https:\/\/www.factorenergia.com\/ca\/wp-json\/wp\/v2\/pages"}],"about":[{"href":"https:\/\/www.factorenergia.com\/ca\/wp-json\/wp\/v2\/types\/page"}],"author":[{"embeddable":true,"href":"https:\/\/www.factorenergia.com\/ca\/wp-json\/wp\/v2\/users\/5"}],"replies":[{"embeddable":true,"href":"https:\/\/www.factorenergia.com\/ca\/wp-json\/wp\/v2\/comments?post=19735"}],"version-history":[{"count":11,"href":"https:\/\/www.factorenergia.com\/ca\/wp-json\/wp\/v2\/pages\/19735\/revisions"}],"predecessor-version":[{"id":25260,"href":"https:\/\/www.factorenergia.com\/ca\/wp-json\/wp\/v2\/pages\/19735\/revisions\/25260"}],"up":[{"embeddable":true,"href":"https:\/\/www.factorenergia.com\/ca\/wp-json\/wp\/v2\/pages\/24400"}],"wp:attachment":[{"href":"https:\/\/www.factorenergia.com\/ca\/wp-json\/wp\/v2\/media?parent=19735"}],"wp:term":[{"taxonomy":"category","embeddable":true,"href":"https:\/\/www.factorenergia.com\/ca\/wp-json\/wp\/v2\/categories?post=19735"},{"taxonomy":"post_tag","embeddable":true,"href":"https:\/\/www.factorenergia.com\/ca\/wp-json\/wp\/v2\/tags?post=19735"}],"curies":[{"name":"wp","href":"https:\/\/api.w.org\/{rel}","templated":true}]}}