{"id":18121,"date":"2023-02-07T17:50:22","date_gmt":"2023-02-07T15:50:22","guid":{"rendered":"https:\/\/www.factorenergia.com\/ca\/?page_id=18121"},"modified":"2024-02-13T16:27:03","modified_gmt":"2024-02-13T14:27:03","slug":"permisos","status":"publish","type":"page","link":"https:\/\/www.factorenergia.com\/ca\/plaques-solars\/permisos\/","title":{"rendered":"Permisos necessaris per a instal\u00b7lar plaques solars"},"content":{"rendered":"","protected":false},"excerpt":{"rendered":"","protected":false},"author":5,"featured_media":0,"parent":24400,"menu_order":0,"comment_status":"closed","ping_status":"closed","template":"templates\/permisos-placas-solares.php","meta":{"inline_featured_image":false,"footnotes":""},"categories":[],"tags":[],"acf":[],"yoast_head":"<!-- This site is optimized with the Yoast SEO plugin v22.2 - https:\/\/yoast.com\/wordpress\/plugins\/seo\/ -->\n<title>Permisos necessaris per a instal\u00b7lar plaques solars | factorenergia<\/title>\n<meta name=\"description\" content=\"Sol\u00b7licitarem tots els permisos perqu\u00e8 et sigui m\u00e9s f\u00e0cil comen\u00e7ar a generar energia amb plaques solars, realitzant per tu totes les gestions de legalitzaci\u00f3.\" \/>\n<meta name=\"robots\" content=\"index, follow, max-snippet:-1, max-image-preview:large, max-video-preview:-1\" \/>\n<link rel=\"canonical\" href=\"https:\/\/www.factorenergia.com\/ca\/plaques-solars\/permisos\/\" \/>\n<meta name=\"twitter:card\" content=\"summary_large_image\" \/>\n<meta name=\"twitter:title\" content=\"Permisos necessaris per a instal\u00b7lar plaques solars | factorenergia\" \/>\n<meta name=\"twitter:description\" content=\"Sol\u00b7licitarem tots els permisos perqu\u00e8 et sigui m\u00e9s f\u00e0cil comen\u00e7ar a generar energia amb plaques solars, realitzant per tu totes les gestions de legalitzaci\u00f3.\" \/>\n<meta name=\"twitter:site\" content=\"@factorenergia\" \/>\n<script type=\"application\/ld+json\" class=\"yoast-schema-graph\">{\"@context\":\"https:\/\/schema.org\",\"@graph\":[{\"@type\":\"WebPage\",\"@id\":\"https:\/\/www.factorenergia.com\/ca\/plaques-solars\/permisos\/\",\"url\":\"https:\/\/www.factorenergia.com\/ca\/plaques-solars\/permisos\/\",\"name\":\"Permisos necessaris per a instal\u00b7lar plaques solars | factorenergia\",\"isPartOf\":{\"@id\":\"https:\/\/www.factorenergia.com\/es\/#website\"},\"datePublished\":\"2023-02-07T15:50:22+00:00\",\"dateModified\":\"2024-02-13T14:27:03+00:00\",\"description\":\"Sol\u00b7licitarem tots els permisos perqu\u00e8 et sigui m\u00e9s f\u00e0cil comen\u00e7ar a generar energia amb plaques solars, realitzant per tu totes les gestions de legalitzaci\u00f3.\",\"breadcrumb\":{\"@id\":\"https:\/\/www.factorenergia.com\/ca\/plaques-solars\/permisos\/#breadcrumb\"},\"inLanguage\":\"ca\",\"potentialAction\":[{\"@type\":\"ReadAction\",\"target\":[\"https:\/\/www.factorenergia.com\/ca\/plaques-solars\/permisos\/\"]}]},{\"@type\":\"BreadcrumbList\",\"@id\":\"https:\/\/www.factorenergia.com\/ca\/plaques-solars\/permisos\/#breadcrumb\",\"itemListElement\":[{\"@type\":\"ListItem\",\"position\":1,\"name\":\"Portada\",\"item\":\"https:\/\/www.factorenergia.com\/ca\/\"},{\"@type\":\"ListItem\",\"position\":2,\"name\":\"Distribuidora placas solares\",\"item\":\"https:\/\/www.factorenergia.com\/ca\/plaques-solars\/\"},{\"@type\":\"ListItem\",\"position\":3,\"name\":\"Permisos necessaris per a instal\u00b7lar plaques solars\"}]},{\"@type\":\"WebSite\",\"@id\":\"https:\/\/www.factorenergia.com\/es\/#website\",\"url\":\"https:\/\/www.factorenergia.com\/es\/\",\"name\":\"factorenergia\",\"description\":\"factorenergia\",\"potentialAction\":[{\"@type\":\"SearchAction\",\"target\":{\"@type\":\"EntryPoint\",\"urlTemplate\":\"https:\/\/www.factorenergia.com\/es\/?s={search_term_string}\"},\"query-input\":\"required name=search_term_string\"}],\"inLanguage\":\"ca\"}]}<\/script>\n<!-- \/ Yoast SEO plugin. -->","yoast_head_json":{"title":"Permisos necessaris per a instal\u00b7lar plaques solars | factorenergia","description":"Sol\u00b7licitarem tots els permisos perqu\u00e8 et sigui m\u00e9s f\u00e0cil comen\u00e7ar a generar energia amb plaques solars, realitzant per tu totes les gestions de legalitzaci\u00f3.","robots":{"index":"index","follow":"follow","max-snippet":"max-snippet:-1","max-image-preview":"max-image-preview:large","max-video-preview":"max-video-preview:-1"},"canonical":"https:\/\/www.factorenergia.com\/ca\/plaques-solars\/permisos\/","twitter_card":"summary_large_image","twitter_title":"Permisos necessaris per a instal\u00b7lar plaques solars | factorenergia","twitter_description":"Sol\u00b7licitarem tots els permisos perqu\u00e8 et sigui m\u00e9s f\u00e0cil comen\u00e7ar a generar energia amb plaques solars, realitzant per tu totes les gestions de legalitzaci\u00f3.","twitter_site":"@factorenergia","schema":{"@context":"https:\/\/schema.org","@graph":[{"@type":"WebPage","@id":"https:\/\/www.factorenergia.com\/ca\/plaques-solars\/permisos\/","url":"https:\/\/www.factorenergia.com\/ca\/plaques-solars\/permisos\/","name":"Permisos necessaris per a instal\u00b7lar plaques solars | factorenergia","isPartOf":{"@id":"https:\/\/www.factorenergia.com\/es\/#website"},"datePublished":"2023-02-07T15:50:22+00:00","dateModified":"2024-02-13T14:27:03+00:00","description":"Sol\u00b7licitarem tots els permisos perqu\u00e8 et sigui m\u00e9s f\u00e0cil comen\u00e7ar a generar energia amb plaques solars, realitzant per tu totes les gestions de legalitzaci\u00f3.","breadcrumb":{"@id":"https:\/\/www.factorenergia.com\/ca\/plaques-solars\/permisos\/#breadcrumb"},"inLanguage":"ca","potentialAction":[{"@type":"ReadAction","target":["https:\/\/www.factorenergia.com\/ca\/plaques-solars\/permisos\/"]}]},{"@type":"BreadcrumbList","@id":"https:\/\/www.factorenergia.com\/ca\/plaques-solars\/permisos\/#breadcrumb","itemListElement":[{"@type":"ListItem","position":1,"name":"Portada","item":"https:\/\/www.factorenergia.com\/ca\/"},{"@type":"ListItem","position":2,"name":"Distribuidora placas solares","item":"https:\/\/www.factorenergia.com\/ca\/plaques-solars\/"},{"@type":"ListItem","position":3,"name":"Permisos necessaris per a instal\u00b7lar plaques solars"}]},{"@type":"WebSite","@id":"https:\/\/www.factorenergia.com\/es\/#website","url":"https:\/\/www.factorenergia.com\/es\/","name":"factorenergia","description":"factorenergia","potentialAction":[{"@type":"SearchAction","target":{"@type":"EntryPoint","urlTemplate":"https:\/\/www.factorenergia.com\/es\/?s={search_term_string}"},"query-input":"required name=search_term_string"}],"inLanguage":"ca"}]}},"_links":{"self":[{"href":"https:\/\/www.factorenergia.com\/ca\/wp-json\/wp\/v2\/pages\/18121"}],"collection":[{"href":"https:\/\/www.factorenergia.com\/ca\/wp-json\/wp\/v2\/pages"}],"about":[{"href":"https:\/\/www.factorenergia.com\/ca\/wp-json\/wp\/v2\/types\/page"}],"author":[{"embeddable":true,"href":"https:\/\/www.factorenergia.com\/ca\/wp-json\/wp\/v2\/users\/5"}],"replies":[{"embeddable":true,"href":"https:\/\/www.factorenergia.com\/ca\/wp-json\/wp\/v2\/comments?post=18121"}],"version-history":[{"count":11,"href":"https:\/\/www.factorenergia.com\/ca\/wp-json\/wp\/v2\/pages\/18121\/revisions"}],"predecessor-version":[{"id":19273,"href":"https:\/\/www.factorenergia.com\/ca\/wp-json\/wp\/v2\/pages\/18121\/revisions\/19273"}],"up":[{"embeddable":true,"href":"https:\/\/www.factorenergia.com\/ca\/wp-json\/wp\/v2\/pages\/24400"}],"wp:attachment":[{"href":"https:\/\/www.factorenergia.com\/ca\/wp-json\/wp\/v2\/media?parent=18121"}],"wp:term":[{"taxonomy":"category","embeddable":true,"href":"https:\/\/www.factorenergia.com\/ca\/wp-json\/wp\/v2\/categories?post=18121"},{"taxonomy":"post_tag","embeddable":true,"href":"https:\/\/www.factorenergia.com\/ca\/wp-json\/wp\/v2\/tags?post=18121"}],"curies":[{"name":"wp","href":"https:\/\/api.w.org\/{rel}","templated":true}]}}