{"id":18101,"date":"2023-02-07T17:02:39","date_gmt":"2023-02-07T15:02:39","guid":{"rendered":"https:\/\/www.factorenergia.com\/ca\/?page_id=18101"},"modified":"2024-02-20T18:41:46","modified_gmt":"2024-02-20T16:41:46","slug":"opinions","status":"publish","type":"page","link":"https:\/\/www.factorenergia.com\/ca\/plaques-solars\/opinions\/","title":{"rendered":"Placas Solares Opiniones CAT"},"content":{"rendered":"","protected":false},"excerpt":{"rendered":"","protected":false},"author":5,"featured_media":0,"parent":24400,"menu_order":0,"comment_status":"closed","ping_status":"closed","template":"templates\/opiniones-placas-solares.php","meta":{"inline_featured_image":false,"footnotes":""},"categories":[],"tags":[],"acf":[],"yoast_head":"<!-- This site is optimized with the Yoast SEO plugin v22.2 - https:\/\/yoast.com\/wordpress\/plugins\/seo\/ -->\n<title>Opinions de les Plaques Solars de Factorenergia<\/title>\n<meta name=\"description\" content=\"Les opinions dels nostres clients s\u00f3n la millor presentaci\u00f3 del nostre treball realitzat en plaques solars. Gr\u00e0cies a elles podr\u00e0s veure la seva satisfacci\u00f3\" \/>\n<meta name=\"robots\" content=\"index, follow, max-snippet:-1, max-image-preview:large, max-video-preview:-1\" \/>\n<link rel=\"canonical\" href=\"https:\/\/www.factorenergia.com\/ca\/plaques-solars\/opinions\/\" \/>\n<meta name=\"twitter:card\" content=\"summary_large_image\" \/>\n<meta name=\"twitter:title\" content=\"Opinions de les Plaques Solars de Factorenergia\" \/>\n<meta name=\"twitter:description\" content=\"Les opinions dels nostres clients s\u00f3n la millor presentaci\u00f3 del nostre treball realitzat en plaques solars. Gr\u00e0cies a elles podr\u00e0s veure la seva satisfacci\u00f3\" \/>\n<meta name=\"twitter:site\" content=\"@factorenergia\" \/>\n<script type=\"application\/ld+json\" class=\"yoast-schema-graph\">{\"@context\":\"https:\/\/schema.org\",\"@graph\":[{\"@type\":\"WebPage\",\"@id\":\"https:\/\/www.factorenergia.com\/ca\/plaques-solars\/opinions\/\",\"url\":\"https:\/\/www.factorenergia.com\/ca\/plaques-solars\/opinions\/\",\"name\":\"Opinions de les Plaques Solars de Factorenergia\",\"isPartOf\":{\"@id\":\"https:\/\/www.factorenergia.com\/es\/#website\"},\"datePublished\":\"2023-02-07T15:02:39+00:00\",\"dateModified\":\"2024-02-20T16:41:46+00:00\",\"description\":\"Les opinions dels nostres clients s\u00f3n la millor presentaci\u00f3 del nostre treball realitzat en plaques solars. Gr\u00e0cies a elles podr\u00e0s veure la seva satisfacci\u00f3\",\"breadcrumb\":{\"@id\":\"https:\/\/www.factorenergia.com\/ca\/plaques-solars\/opinions\/#breadcrumb\"},\"inLanguage\":\"ca\",\"potentialAction\":[{\"@type\":\"ReadAction\",\"target\":[\"https:\/\/www.factorenergia.com\/ca\/plaques-solars\/opinions\/\"]}]},{\"@type\":\"BreadcrumbList\",\"@id\":\"https:\/\/www.factorenergia.com\/ca\/plaques-solars\/opinions\/#breadcrumb\",\"itemListElement\":[{\"@type\":\"ListItem\",\"position\":1,\"name\":\"Portada\",\"item\":\"https:\/\/www.factorenergia.com\/ca\/\"},{\"@type\":\"ListItem\",\"position\":2,\"name\":\"Distribuidora placas solares\",\"item\":\"https:\/\/www.factorenergia.com\/ca\/plaques-solars\/\"},{\"@type\":\"ListItem\",\"position\":3,\"name\":\"Placas Solares Opiniones CAT\"}]},{\"@type\":\"WebSite\",\"@id\":\"https:\/\/www.factorenergia.com\/es\/#website\",\"url\":\"https:\/\/www.factorenergia.com\/es\/\",\"name\":\"factorenergia\",\"description\":\"factorenergia\",\"potentialAction\":[{\"@type\":\"SearchAction\",\"target\":{\"@type\":\"EntryPoint\",\"urlTemplate\":\"https:\/\/www.factorenergia.com\/es\/?s={search_term_string}\"},\"query-input\":\"required name=search_term_string\"}],\"inLanguage\":\"ca\"}]}<\/script>\n<!-- \/ Yoast SEO plugin. -->","yoast_head_json":{"title":"Opinions de les Plaques Solars de Factorenergia","description":"Les opinions dels nostres clients s\u00f3n la millor presentaci\u00f3 del nostre treball realitzat en plaques solars. Gr\u00e0cies a elles podr\u00e0s veure la seva satisfacci\u00f3","robots":{"index":"index","follow":"follow","max-snippet":"max-snippet:-1","max-image-preview":"max-image-preview:large","max-video-preview":"max-video-preview:-1"},"canonical":"https:\/\/www.factorenergia.com\/ca\/plaques-solars\/opinions\/","twitter_card":"summary_large_image","twitter_title":"Opinions de les Plaques Solars de Factorenergia","twitter_description":"Les opinions dels nostres clients s\u00f3n la millor presentaci\u00f3 del nostre treball realitzat en plaques solars. Gr\u00e0cies a elles podr\u00e0s veure la seva satisfacci\u00f3","twitter_site":"@factorenergia","schema":{"@context":"https:\/\/schema.org","@graph":[{"@type":"WebPage","@id":"https:\/\/www.factorenergia.com\/ca\/plaques-solars\/opinions\/","url":"https:\/\/www.factorenergia.com\/ca\/plaques-solars\/opinions\/","name":"Opinions de les Plaques Solars de Factorenergia","isPartOf":{"@id":"https:\/\/www.factorenergia.com\/es\/#website"},"datePublished":"2023-02-07T15:02:39+00:00","dateModified":"2024-02-20T16:41:46+00:00","description":"Les opinions dels nostres clients s\u00f3n la millor presentaci\u00f3 del nostre treball realitzat en plaques solars. Gr\u00e0cies a elles podr\u00e0s veure la seva satisfacci\u00f3","breadcrumb":{"@id":"https:\/\/www.factorenergia.com\/ca\/plaques-solars\/opinions\/#breadcrumb"},"inLanguage":"ca","potentialAction":[{"@type":"ReadAction","target":["https:\/\/www.factorenergia.com\/ca\/plaques-solars\/opinions\/"]}]},{"@type":"BreadcrumbList","@id":"https:\/\/www.factorenergia.com\/ca\/plaques-solars\/opinions\/#breadcrumb","itemListElement":[{"@type":"ListItem","position":1,"name":"Portada","item":"https:\/\/www.factorenergia.com\/ca\/"},{"@type":"ListItem","position":2,"name":"Distribuidora placas solares","item":"https:\/\/www.factorenergia.com\/ca\/plaques-solars\/"},{"@type":"ListItem","position":3,"name":"Placas Solares Opiniones CAT"}]},{"@type":"WebSite","@id":"https:\/\/www.factorenergia.com\/es\/#website","url":"https:\/\/www.factorenergia.com\/es\/","name":"factorenergia","description":"factorenergia","potentialAction":[{"@type":"SearchAction","target":{"@type":"EntryPoint","urlTemplate":"https:\/\/www.factorenergia.com\/es\/?s={search_term_string}"},"query-input":"required name=search_term_string"}],"inLanguage":"ca"}]}},"_links":{"self":[{"href":"https:\/\/www.factorenergia.com\/ca\/wp-json\/wp\/v2\/pages\/18101"}],"collection":[{"href":"https:\/\/www.factorenergia.com\/ca\/wp-json\/wp\/v2\/pages"}],"about":[{"href":"https:\/\/www.factorenergia.com\/ca\/wp-json\/wp\/v2\/types\/page"}],"author":[{"embeddable":true,"href":"https:\/\/www.factorenergia.com\/ca\/wp-json\/wp\/v2\/users\/5"}],"replies":[{"embeddable":true,"href":"https:\/\/www.factorenergia.com\/ca\/wp-json\/wp\/v2\/comments?post=18101"}],"version-history":[{"count":10,"href":"https:\/\/www.factorenergia.com\/ca\/wp-json\/wp\/v2\/pages\/18101\/revisions"}],"predecessor-version":[{"id":19275,"href":"https:\/\/www.factorenergia.com\/ca\/wp-json\/wp\/v2\/pages\/18101\/revisions\/19275"}],"up":[{"embeddable":true,"href":"https:\/\/www.factorenergia.com\/ca\/wp-json\/wp\/v2\/pages\/24400"}],"wp:attachment":[{"href":"https:\/\/www.factorenergia.com\/ca\/wp-json\/wp\/v2\/media?parent=18101"}],"wp:term":[{"taxonomy":"category","embeddable":true,"href":"https:\/\/www.factorenergia.com\/ca\/wp-json\/wp\/v2\/categories?post=18101"},{"taxonomy":"post_tag","embeddable":true,"href":"https:\/\/www.factorenergia.com\/ca\/wp-json\/wp\/v2\/tags?post=18101"}],"curies":[{"name":"wp","href":"https:\/\/api.w.org\/{rel}","templated":true}]}}