{"id":17556,"date":"2023-02-03T12:29:53","date_gmt":"2023-02-03T10:29:53","guid":{"rendered":"https:\/\/www.factorenergia.com\/ca\/?page_id=17556"},"modified":"2024-02-13T16:38:27","modified_gmt":"2024-02-13T14:38:27","slug":"assegurances","status":"publish","type":"page","link":"https:\/\/www.factorenergia.com\/ca\/plaques-solars\/assegurances\/","title":{"rendered":"Assegura la teva inversi\u00f3 en plaques solars"},"content":{"rendered":"","protected":false},"excerpt":{"rendered":"","protected":false},"author":5,"featured_media":0,"parent":24400,"menu_order":0,"comment_status":"closed","ping_status":"closed","template":"templates\/seguro-placas-solares.php","meta":{"inline_featured_image":false,"footnotes":""},"categories":[],"tags":[],"acf":[],"yoast_head":"<!-- This site is optimized with the Yoast SEO plugin v22.2 - https:\/\/yoast.com\/wordpress\/plugins\/seo\/ -->\n<title>Assegura la teva inversi\u00f3 en plaques solars | factorenergia<\/title>\n<meta name=\"description\" content=\"Tindr\u00e0s la tranquil\u00b7litat que la teva inversi\u00f3 en plaques solars no tindr\u00e0 imprevistos gr\u00e0cies a la nostra asseguran\u00e7a per a la instal\u00b7laci\u00f3 d&#039;autoconsum. Mira&#039;ls!\" \/>\n<meta name=\"robots\" content=\"index, follow, max-snippet:-1, max-image-preview:large, max-video-preview:-1\" \/>\n<link rel=\"canonical\" href=\"https:\/\/www.factorenergia.com\/ca\/plaques-solars\/assegurances\/\" \/>\n<meta name=\"twitter:card\" content=\"summary_large_image\" \/>\n<meta name=\"twitter:title\" content=\"Assegura la teva inversi\u00f3 en plaques solars | factorenergia\" \/>\n<meta name=\"twitter:description\" content=\"Tindr\u00e0s la tranquil\u00b7litat que la teva inversi\u00f3 en plaques solars no tindr\u00e0 imprevistos gr\u00e0cies a la nostra asseguran\u00e7a per a la instal\u00b7laci\u00f3 d&#039;autoconsum. Mira&#039;ls!\" \/>\n<meta name=\"twitter:site\" content=\"@factorenergia\" \/>\n<script type=\"application\/ld+json\" class=\"yoast-schema-graph\">{\"@context\":\"https:\/\/schema.org\",\"@graph\":[{\"@type\":\"WebPage\",\"@id\":\"https:\/\/www.factorenergia.com\/ca\/plaques-solars\/assegurances\/\",\"url\":\"https:\/\/www.factorenergia.com\/ca\/plaques-solars\/assegurances\/\",\"name\":\"Assegura la teva inversi\u00f3 en plaques solars | factorenergia\",\"isPartOf\":{\"@id\":\"https:\/\/www.factorenergia.com\/es\/#website\"},\"datePublished\":\"2023-02-03T10:29:53+00:00\",\"dateModified\":\"2024-02-13T14:38:27+00:00\",\"description\":\"Tindr\u00e0s la tranquil\u00b7litat que la teva inversi\u00f3 en plaques solars no tindr\u00e0 imprevistos gr\u00e0cies a la nostra asseguran\u00e7a per a la instal\u00b7laci\u00f3 d'autoconsum. Mira'ls!\",\"breadcrumb\":{\"@id\":\"https:\/\/www.factorenergia.com\/ca\/plaques-solars\/assegurances\/#breadcrumb\"},\"inLanguage\":\"ca\",\"potentialAction\":[{\"@type\":\"ReadAction\",\"target\":[\"https:\/\/www.factorenergia.com\/ca\/plaques-solars\/assegurances\/\"]}]},{\"@type\":\"BreadcrumbList\",\"@id\":\"https:\/\/www.factorenergia.com\/ca\/plaques-solars\/assegurances\/#breadcrumb\",\"itemListElement\":[{\"@type\":\"ListItem\",\"position\":1,\"name\":\"Portada\",\"item\":\"https:\/\/www.factorenergia.com\/ca\/\"},{\"@type\":\"ListItem\",\"position\":2,\"name\":\"Distribuidora placas solares\",\"item\":\"https:\/\/www.factorenergia.com\/ca\/plaques-solars\/\"},{\"@type\":\"ListItem\",\"position\":3,\"name\":\"Assegura la teva inversi\u00f3 en plaques solars\"}]},{\"@type\":\"WebSite\",\"@id\":\"https:\/\/www.factorenergia.com\/es\/#website\",\"url\":\"https:\/\/www.factorenergia.com\/es\/\",\"name\":\"factorenergia\",\"description\":\"factorenergia\",\"potentialAction\":[{\"@type\":\"SearchAction\",\"target\":{\"@type\":\"EntryPoint\",\"urlTemplate\":\"https:\/\/www.factorenergia.com\/es\/?s={search_term_string}\"},\"query-input\":\"required name=search_term_string\"}],\"inLanguage\":\"ca\"}]}<\/script>\n<!-- \/ Yoast SEO plugin. -->","yoast_head_json":{"title":"Assegura la teva inversi\u00f3 en plaques solars | factorenergia","description":"Tindr\u00e0s la tranquil\u00b7litat que la teva inversi\u00f3 en plaques solars no tindr\u00e0 imprevistos gr\u00e0cies a la nostra asseguran\u00e7a per a la instal\u00b7laci\u00f3 d'autoconsum. Mira'ls!","robots":{"index":"index","follow":"follow","max-snippet":"max-snippet:-1","max-image-preview":"max-image-preview:large","max-video-preview":"max-video-preview:-1"},"canonical":"https:\/\/www.factorenergia.com\/ca\/plaques-solars\/assegurances\/","twitter_card":"summary_large_image","twitter_title":"Assegura la teva inversi\u00f3 en plaques solars | factorenergia","twitter_description":"Tindr\u00e0s la tranquil\u00b7litat que la teva inversi\u00f3 en plaques solars no tindr\u00e0 imprevistos gr\u00e0cies a la nostra asseguran\u00e7a per a la instal\u00b7laci\u00f3 d'autoconsum. Mira'ls!","twitter_site":"@factorenergia","schema":{"@context":"https:\/\/schema.org","@graph":[{"@type":"WebPage","@id":"https:\/\/www.factorenergia.com\/ca\/plaques-solars\/assegurances\/","url":"https:\/\/www.factorenergia.com\/ca\/plaques-solars\/assegurances\/","name":"Assegura la teva inversi\u00f3 en plaques solars | factorenergia","isPartOf":{"@id":"https:\/\/www.factorenergia.com\/es\/#website"},"datePublished":"2023-02-03T10:29:53+00:00","dateModified":"2024-02-13T14:38:27+00:00","description":"Tindr\u00e0s la tranquil\u00b7litat que la teva inversi\u00f3 en plaques solars no tindr\u00e0 imprevistos gr\u00e0cies a la nostra asseguran\u00e7a per a la instal\u00b7laci\u00f3 d'autoconsum. Mira'ls!","breadcrumb":{"@id":"https:\/\/www.factorenergia.com\/ca\/plaques-solars\/assegurances\/#breadcrumb"},"inLanguage":"ca","potentialAction":[{"@type":"ReadAction","target":["https:\/\/www.factorenergia.com\/ca\/plaques-solars\/assegurances\/"]}]},{"@type":"BreadcrumbList","@id":"https:\/\/www.factorenergia.com\/ca\/plaques-solars\/assegurances\/#breadcrumb","itemListElement":[{"@type":"ListItem","position":1,"name":"Portada","item":"https:\/\/www.factorenergia.com\/ca\/"},{"@type":"ListItem","position":2,"name":"Distribuidora placas solares","item":"https:\/\/www.factorenergia.com\/ca\/plaques-solars\/"},{"@type":"ListItem","position":3,"name":"Assegura la teva inversi\u00f3 en plaques solars"}]},{"@type":"WebSite","@id":"https:\/\/www.factorenergia.com\/es\/#website","url":"https:\/\/www.factorenergia.com\/es\/","name":"factorenergia","description":"factorenergia","potentialAction":[{"@type":"SearchAction","target":{"@type":"EntryPoint","urlTemplate":"https:\/\/www.factorenergia.com\/es\/?s={search_term_string}"},"query-input":"required name=search_term_string"}],"inLanguage":"ca"}]}},"_links":{"self":[{"href":"https:\/\/www.factorenergia.com\/ca\/wp-json\/wp\/v2\/pages\/17556"}],"collection":[{"href":"https:\/\/www.factorenergia.com\/ca\/wp-json\/wp\/v2\/pages"}],"about":[{"href":"https:\/\/www.factorenergia.com\/ca\/wp-json\/wp\/v2\/types\/page"}],"author":[{"embeddable":true,"href":"https:\/\/www.factorenergia.com\/ca\/wp-json\/wp\/v2\/users\/5"}],"replies":[{"embeddable":true,"href":"https:\/\/www.factorenergia.com\/ca\/wp-json\/wp\/v2\/comments?post=17556"}],"version-history":[{"count":7,"href":"https:\/\/www.factorenergia.com\/ca\/wp-json\/wp\/v2\/pages\/17556\/revisions"}],"predecessor-version":[{"id":19271,"href":"https:\/\/www.factorenergia.com\/ca\/wp-json\/wp\/v2\/pages\/17556\/revisions\/19271"}],"up":[{"embeddable":true,"href":"https:\/\/www.factorenergia.com\/ca\/wp-json\/wp\/v2\/pages\/24400"}],"wp:attachment":[{"href":"https:\/\/www.factorenergia.com\/ca\/wp-json\/wp\/v2\/media?parent=17556"}],"wp:term":[{"taxonomy":"category","embeddable":true,"href":"https:\/\/www.factorenergia.com\/ca\/wp-json\/wp\/v2\/categories?post=17556"},{"taxonomy":"post_tag","embeddable":true,"href":"https:\/\/www.factorenergia.com\/ca\/wp-json\/wp\/v2\/tags?post=17556"}],"curies":[{"name":"wp","href":"https:\/\/api.w.org\/{rel}","templated":true}]}}