{"id":1660,"date":"2016-06-21T08:49:00","date_gmt":"2016-06-21T06:49:00","guid":{"rendered":"https:\/\/www.factorenergia.com\/ca\/blog\/noticias-del-sector\/"},"modified":"2021-02-25T12:15:50","modified_gmt":"2021-02-25T10:15:50","slug":"noticies","status":"publish","type":"page","link":"https:\/\/www.factorenergia.com\/ca\/blog\/noticies\/","title":{"rendered":"Noticies del sector"},"content":{"rendered":"","protected":false},"excerpt":{"rendered":"","protected":false},"author":17,"featured_media":0,"parent":1518,"menu_order":0,"comment_status":"closed","ping_status":"closed","template":"templates\/blog.php","meta":{"inline_featured_image":false,"footnotes":""},"categories":[12],"tags":[],"acf":[],"yoast_head":"<!-- This site is optimized with the Yoast SEO plugin v22.2 - https:\/\/yoast.com\/wordpress\/plugins\/seo\/ -->\n<title>Not\u00edcies del sector el\u00e8ctric i l&#039;electricitat | FactorEnergia<\/title>\n<meta name=\"description\" content=\"A FactorEnergia volem que estiguis assabentat de les \u00faltimes not\u00edcies del sector el\u00e8ctric i l&#039;electricitat, per a aprofitar nous avantatges.\" \/>\n<meta name=\"robots\" content=\"index, follow, max-snippet:-1, max-image-preview:large, max-video-preview:-1\" \/>\n<link rel=\"canonical\" href=\"https:\/\/www.factorenergia.com\/ca\/blog\/noticies\/\" \/>\n<meta name=\"twitter:card\" content=\"summary_large_image\" \/>\n<meta name=\"twitter:title\" content=\"Not\u00edcies del sector el\u00e8ctric i l&#039;electricitat | FactorEnergia\" \/>\n<meta name=\"twitter:description\" content=\"A FactorEnergia volem que estiguis assabentat de les \u00faltimes not\u00edcies del sector el\u00e8ctric i l&#039;electricitat, per a aprofitar nous avantatges.\" \/>\n<meta name=\"twitter:site\" content=\"@factorenergia\" \/>\n<script type=\"application\/ld+json\" class=\"yoast-schema-graph\">{\"@context\":\"https:\/\/schema.org\",\"@graph\":[{\"@type\":\"WebPage\",\"@id\":\"https:\/\/www.factorenergia.com\/ca\/blog\/noticies\/\",\"url\":\"https:\/\/www.factorenergia.com\/ca\/blog\/noticies\/\",\"name\":\"Not\u00edcies del sector el\u00e8ctric i l'electricitat | FactorEnergia\",\"isPartOf\":{\"@id\":\"https:\/\/www.factorenergia.com\/es\/#website\"},\"datePublished\":\"2016-06-21T06:49:00+00:00\",\"dateModified\":\"2021-02-25T10:15:50+00:00\",\"description\":\"A FactorEnergia volem que estiguis assabentat de les \u00faltimes not\u00edcies del sector el\u00e8ctric i l'electricitat, per a aprofitar nous avantatges.\",\"breadcrumb\":{\"@id\":\"https:\/\/www.factorenergia.com\/ca\/blog\/noticies\/#breadcrumb\"},\"inLanguage\":\"ca\",\"potentialAction\":[{\"@type\":\"ReadAction\",\"target\":[\"https:\/\/www.factorenergia.com\/ca\/blog\/noticies\/\"]}]},{\"@type\":\"BreadcrumbList\",\"@id\":\"https:\/\/www.factorenergia.com\/ca\/blog\/noticies\/#breadcrumb\",\"itemListElement\":[{\"@type\":\"ListItem\",\"position\":1,\"name\":\"Portada\",\"item\":\"https:\/\/www.factorenergia.com\/ca\/\"},{\"@type\":\"ListItem\",\"position\":2,\"name\":\"Blog\",\"item\":\"https:\/\/www.factorenergia.com\/ca\/blog\/\"},{\"@type\":\"ListItem\",\"position\":3,\"name\":\"Noticies del sector\"}]},{\"@type\":\"WebSite\",\"@id\":\"https:\/\/www.factorenergia.com\/es\/#website\",\"url\":\"https:\/\/www.factorenergia.com\/es\/\",\"name\":\"factorenergia\",\"description\":\"factorenergia\",\"potentialAction\":[{\"@type\":\"SearchAction\",\"target\":{\"@type\":\"EntryPoint\",\"urlTemplate\":\"https:\/\/www.factorenergia.com\/es\/?s={search_term_string}\"},\"query-input\":\"required name=search_term_string\"}],\"inLanguage\":\"ca\"}]}<\/script>\n<!-- \/ Yoast SEO plugin. -->","yoast_head_json":{"title":"Not\u00edcies del sector el\u00e8ctric i l'electricitat | FactorEnergia","description":"A FactorEnergia volem que estiguis assabentat de les \u00faltimes not\u00edcies del sector el\u00e8ctric i l'electricitat, per a aprofitar nous avantatges.","robots":{"index":"index","follow":"follow","max-snippet":"max-snippet:-1","max-image-preview":"max-image-preview:large","max-video-preview":"max-video-preview:-1"},"canonical":"https:\/\/www.factorenergia.com\/ca\/blog\/noticies\/","twitter_card":"summary_large_image","twitter_title":"Not\u00edcies del sector el\u00e8ctric i l'electricitat | FactorEnergia","twitter_description":"A FactorEnergia volem que estiguis assabentat de les \u00faltimes not\u00edcies del sector el\u00e8ctric i l'electricitat, per a aprofitar nous avantatges.","twitter_site":"@factorenergia","schema":{"@context":"https:\/\/schema.org","@graph":[{"@type":"WebPage","@id":"https:\/\/www.factorenergia.com\/ca\/blog\/noticies\/","url":"https:\/\/www.factorenergia.com\/ca\/blog\/noticies\/","name":"Not\u00edcies del sector el\u00e8ctric i l'electricitat | FactorEnergia","isPartOf":{"@id":"https:\/\/www.factorenergia.com\/es\/#website"},"datePublished":"2016-06-21T06:49:00+00:00","dateModified":"2021-02-25T10:15:50+00:00","description":"A FactorEnergia volem que estiguis assabentat de les \u00faltimes not\u00edcies del sector el\u00e8ctric i l'electricitat, per a aprofitar nous avantatges.","breadcrumb":{"@id":"https:\/\/www.factorenergia.com\/ca\/blog\/noticies\/#breadcrumb"},"inLanguage":"ca","potentialAction":[{"@type":"ReadAction","target":["https:\/\/www.factorenergia.com\/ca\/blog\/noticies\/"]}]},{"@type":"BreadcrumbList","@id":"https:\/\/www.factorenergia.com\/ca\/blog\/noticies\/#breadcrumb","itemListElement":[{"@type":"ListItem","position":1,"name":"Portada","item":"https:\/\/www.factorenergia.com\/ca\/"},{"@type":"ListItem","position":2,"name":"Blog","item":"https:\/\/www.factorenergia.com\/ca\/blog\/"},{"@type":"ListItem","position":3,"name":"Noticies del sector"}]},{"@type":"WebSite","@id":"https:\/\/www.factorenergia.com\/es\/#website","url":"https:\/\/www.factorenergia.com\/es\/","name":"factorenergia","description":"factorenergia","potentialAction":[{"@type":"SearchAction","target":{"@type":"EntryPoint","urlTemplate":"https:\/\/www.factorenergia.com\/es\/?s={search_term_string}"},"query-input":"required name=search_term_string"}],"inLanguage":"ca"}]}},"_links":{"self":[{"href":"https:\/\/www.factorenergia.com\/ca\/wp-json\/wp\/v2\/pages\/1660"}],"collection":[{"href":"https:\/\/www.factorenergia.com\/ca\/wp-json\/wp\/v2\/pages"}],"about":[{"href":"https:\/\/www.factorenergia.com\/ca\/wp-json\/wp\/v2\/types\/page"}],"author":[{"embeddable":true,"href":"https:\/\/www.factorenergia.com\/ca\/wp-json\/wp\/v2\/users\/17"}],"replies":[{"embeddable":true,"href":"https:\/\/www.factorenergia.com\/ca\/wp-json\/wp\/v2\/comments?post=1660"}],"version-history":[{"count":10,"href":"https:\/\/www.factorenergia.com\/ca\/wp-json\/wp\/v2\/pages\/1660\/revisions"}],"predecessor-version":[{"id":2372,"href":"https:\/\/www.factorenergia.com\/ca\/wp-json\/wp\/v2\/pages\/1660\/revisions\/2372"}],"up":[{"embeddable":true,"href":"https:\/\/www.factorenergia.com\/ca\/wp-json\/wp\/v2\/pages\/1518"}],"wp:attachment":[{"href":"https:\/\/www.factorenergia.com\/ca\/wp-json\/wp\/v2\/media?parent=1660"}],"wp:term":[{"taxonomy":"category","embeddable":true,"href":"https:\/\/www.factorenergia.com\/ca\/wp-json\/wp\/v2\/categories?post=1660"},{"taxonomy":"post_tag","embeddable":true,"href":"https:\/\/www.factorenergia.com\/ca\/wp-json\/wp\/v2\/tags?post=1660"}],"curies":[{"name":"wp","href":"https:\/\/api.w.org\/{rel}","templated":true}]}}